{"id":10115,"date":"2024-01-27T19:03:02","date_gmt":"2024-01-27T19:03:02","guid":{"rendered":"https:\/\/noveltystructures.com\/guss-und-schmiedeteile\/"},"modified":"2025-06-30T15:41:31","modified_gmt":"2025-06-30T15:41:31","slug":"guss-und-schmiedeteile","status":"publish","type":"page","link":"https:\/\/noveltystructures.com\/de\/guss-und-schmiedeteile\/","title":{"rendered":"Guss- und Schmiedeteile"},"content":{"rendered":"<div class=\"fusion-fullwidth fullwidth-box fusion-builder-row-1 fusion-flex-container has-pattern-background has-mask-background nonhundred-percent-fullwidth non-hundred-percent-height-scrolling\" style=\"--awb-border-radius-top-left:0px;--awb-border-radius-top-right:0px;--awb-border-radius-bottom-right:0px;--awb-border-radius-bottom-left:0px;--awb-flex-wrap:wrap;\" ><div class=\"fusion-builder-row fusion-row fusion-flex-align-items-flex-start fusion-flex-justify-content-space-around fusion-flex-content-wrap\" style=\"max-width:1248px;margin-left: calc(-4% \/ 2 );margin-right: calc(-4% \/ 2 );\"><div class=\"fusion-layout-column fusion_builder_column fusion-builder-column-0 fusion_builder_column_1_4 1_4 fusion-flex-column fusion-flex-align-self-stretch fusion-column-inner-bg-wrapper\" style=\"--awb-inner-bg-size:cover;--awb-width-large:25%;--awb-margin-top-large:0px;--awb-spacing-right-large:15px;--awb-margin-bottom-large:20px;--awb-spacing-left-large:0px;--awb-width-medium:25%;--awb-order-medium:0;--awb-spacing-right-medium:15px;--awb-spacing-left-medium:0px;--awb-width-small:100%;--awb-order-small:0;--awb-spacing-right-small:1.92%;--awb-spacing-left-small:1.92%;\"><span class=\"fusion-column-inner-bg hover-type-none\"><a class=\"fusion-column-anchor\" href=\"https:\/\/noveltystructures.com\/de\/produkte\/gussteile\/\"><span class=\"fusion-column-inner-bg-image\"><\/span><\/a><\/span><div class=\"fusion-column-wrapper fusion-column-has-shadow fusion-flex-justify-content-flex-start fusion-content-layout-column\"><div class=\"fusion-image-element \" style=\"--awb-aspect-ratio:5 \/ 4;--awb-caption-title-font-family:var(--h2_typography-font-family);--awb-caption-title-font-weight:var(--h2_typography-font-weight);--awb-caption-title-font-style:var(--h2_typography-font-style);--awb-caption-title-size:var(--h2_typography-font-size);--awb-caption-title-transform:var(--h2_typography-text-transform);--awb-caption-title-line-height:var(--h2_typography-line-height);--awb-caption-title-letter-spacing:var(--h2_typography-letter-spacing);\"><span class=\" fusion-imageframe imageframe-none imageframe-1 hover-type-zoomin has-aspect-ratio\"><a class=\"fusion-no-lightbox\" href=\":\/\/noveltystructures.com\/products\/casting-parts\/\" target=\"_self\" aria-label=\"6361437281392040622889718-1\"><img decoding=\"async\" width=\"300\" height=\"245\" src=\"https:\/\/noveltystructures.com\/wp-content\/uploads\/2024\/01\/6361437281392040622889718-1-1.jpg\" data-orig-src=\"https:\/\/noveltystructures.com\/wp-content\/uploads\/2024\/01\/6361437281392040622889718-1-1-300x245.jpg\" class=\"lazyload img-responsive wp-image-9209 img-with-aspect-ratio\" data-parent-fit=\"cover\" data-parent-container=\".fusion-image-element\" alt srcset=\"data:image\/svg+xml,%3Csvg%20xmlns%3D%27http%3A%2F%2Fwww.w3.org%2F2000%2Fsvg%27%20width%3D%27600%27%20height%3D%27490%27%20viewBox%3D%270%200%20600%20490%27%3E%3Crect%20width%3D%27600%27%20height%3D%27490%27%20fill-opacity%3D%220%22%2F%3E%3C%2Fsvg%3E\" data-srcset=\"https:\/\/noveltystructures.com\/wp-content\/uploads\/2024\/01\/6361437281392040622889718-1-1-200x163.jpg 200w, https:\/\/noveltystructures.com\/wp-content\/uploads\/2024\/01\/6361437281392040622889718-1-1-400x327.jpg 400w, https:\/\/noveltystructures.com\/wp-content\/uploads\/2024\/01\/6361437281392040622889718-1-1.jpg 600w\" data-sizes=\"auto\" data-orig-sizes=\"(max-width: 700px) 100vw, 400px\" \/><\/a><\/span><\/div><div class=\"fusion-title title fusion-title-1 fusion-sep-none fusion-title-center fusion-title-text fusion-title-size-five\"><h5 class=\"fusion-title-heading title-heading-center\" style=\"margin:0;\"><a href=\"https:\/\/noveltystructures.com\/de\/produkte\/gussteile\/\">Gussteile<\/a><\/h5><\/div><\/div><\/div><div class=\"fusion-layout-column fusion_builder_column fusion-builder-column-1 fusion_builder_column_1_4 1_4 fusion-flex-column fusion-flex-align-self-stretch fusion-column-inner-bg-wrapper\" style=\"--awb-inner-bg-size:cover;--awb-width-large:25%;--awb-margin-top-large:0px;--awb-spacing-right-large:7.68%;--awb-margin-bottom-large:20px;--awb-spacing-left-large:0x;--awb-width-medium:25%;--awb-order-medium:0;--awb-spacing-right-medium:7.68%;--awb-spacing-left-medium:0x;--awb-width-small:100%;--awb-order-small:0;--awb-spacing-right-small:1.92%;--awb-spacing-left-small:1.92%;\"><span class=\"fusion-column-inner-bg hover-type-none\"><a class=\"fusion-column-anchor\" href=\"https:\/\/noveltystructures.com\/de\/produkte\/schmieden\/\"><span class=\"fusion-column-inner-bg-image\"><\/span><\/a><\/span><div class=\"fusion-column-wrapper fusion-column-has-shadow fusion-flex-justify-content-flex-start fusion-content-layout-column\"><div class=\"fusion-image-element \" style=\"--awb-aspect-ratio:5 \/ 4;--awb-caption-title-font-family:var(--h2_typography-font-family);--awb-caption-title-font-weight:var(--h2_typography-font-weight);--awb-caption-title-font-style:var(--h2_typography-font-style);--awb-caption-title-size:var(--h2_typography-font-size);--awb-caption-title-transform:var(--h2_typography-text-transform);--awb-caption-title-line-height:var(--h2_typography-line-height);--awb-caption-title-letter-spacing:var(--h2_typography-letter-spacing);\"><span class=\" fusion-imageframe imageframe-none imageframe-2 hover-type-zoomin has-aspect-ratio\"><a class=\"fusion-no-lightbox\" href=\"https:\/\/noveltystructures.com\/de\/produkte\/schmieden\/\" target=\"_self\" aria-label=\"automotive-forging-500&#215;500\"><img decoding=\"async\" width=\"300\" height=\"259\" src=\"https:\/\/noveltystructures.com\/wp-content\/uploads\/2024\/01\/automotive-forging-500x500-3.jpg\" data-orig-src=\"https:\/\/noveltystructures.com\/wp-content\/uploads\/2024\/01\/automotive-forging-500x500-3-300x259.jpg\" class=\"lazyload img-responsive wp-image-9210 img-with-aspect-ratio\" data-parent-fit=\"cover\" data-parent-container=\".fusion-image-element\" alt srcset=\"data:image\/svg+xml,%3Csvg%20xmlns%3D%27http%3A%2F%2Fwww.w3.org%2F2000%2Fsvg%27%20width%3D%27500%27%20height%3D%27432%27%20viewBox%3D%270%200%20500%20432%27%3E%3Crect%20width%3D%27500%27%20height%3D%27432%27%20fill-opacity%3D%220%22%2F%3E%3C%2Fsvg%3E\" data-srcset=\"https:\/\/noveltystructures.com\/wp-content\/uploads\/2024\/01\/automotive-forging-500x500-3-200x173.jpg 200w, https:\/\/noveltystructures.com\/wp-content\/uploads\/2024\/01\/automotive-forging-500x500-3-400x346.jpg 400w, https:\/\/noveltystructures.com\/wp-content\/uploads\/2024\/01\/automotive-forging-500x500-3.jpg 500w\" data-sizes=\"auto\" data-orig-sizes=\"(max-width: 700px) 100vw, 400px\" \/><\/a><\/span><\/div><div class=\"fusion-title title fusion-title-2 fusion-sep-none fusion-title-center fusion-title-text fusion-title-size-five\"><h5 class=\"fusion-title-heading title-heading-center\" style=\"margin:0;\"><a href=\"https:\/\/noveltystructures.com\/de\/produkte\/schmieden\/\">Schmiedeteile<\/a><\/h5><\/div><\/div><\/div><\/div><\/div>\n","protected":false},"excerpt":{"rendered":"","protected":false},"author":1,"featured_media":9209,"parent":0,"menu_order":0,"comment_status":"closed","ping_status":"closed","template":"100-width.php","meta":{"footnotes":""},"class_list":["post-10115","page","type-page","status-publish","has-post-thumbnail","hentry"],"yoast_head":"<!-- This site is optimized with the Yoast SEO plugin v27.1.1 - https:\/\/yoast.com\/product\/yoast-seo-wordpress\/ -->\n<title>Guss- und Schmiedeteile - Novelty Steel<\/title>\n<meta name=\"description\" content=\"Novelty Structures liefert ma\u00dfgeschneiderte Guss- und Schmiedeteile f\u00fcr verschiedene Branchen und Anwendungen \u00fcber seine Fertigungsst\u00e4tten in der T\u00fcrkei\" \/>\n<meta name=\"robots\" content=\"index, follow, max-snippet:-1, max-image-preview:large, max-video-preview:-1\" \/>\n<link rel=\"canonical\" href=\"https:\/\/noveltystructures.com\/de\/guss-und-schmiedeteile\/\" \/>\n<meta property=\"og:locale\" content=\"de_DE\" \/>\n<meta property=\"og:type\" content=\"article\" \/>\n<meta property=\"og:title\" content=\"Guss- und Schmiedeteile - Novelty Steel\" \/>\n<meta property=\"og:description\" content=\"Novelty Structures liefert ma\u00dfgeschneiderte Guss- und Schmiedeteile f\u00fcr verschiedene Branchen und Anwendungen \u00fcber seine Fertigungsst\u00e4tten in der T\u00fcrkei\" \/>\n<meta property=\"og:url\" content=\"https:\/\/noveltystructures.com\/de\/guss-und-schmiedeteile\/\" \/>\n<meta property=\"og:site_name\" content=\"Novelty Steel\" \/>\n<meta property=\"article:modified_time\" content=\"2025-06-30T15:41:31+00:00\" \/>\n<meta property=\"og:image\" content=\"https:\/\/noveltystructures.com\/wp-content\/uploads\/2024\/01\/6361437281392040622889718-1-1.jpg\" \/>\n\t<meta property=\"og:image:width\" content=\"600\" \/>\n\t<meta property=\"og:image:height\" content=\"490\" \/>\n\t<meta property=\"og:image:type\" content=\"image\/jpeg\" \/>\n<meta name=\"twitter:card\" content=\"summary_large_image\" \/>\n<meta name=\"twitter:label1\" content=\"Gesch\u00e4tzte Lesezeit\" \/>\n\t<meta name=\"twitter:data1\" content=\"5\u00a0Minuten\" \/>\n<script type=\"application\/ld+json\" class=\"yoast-schema-graph\">{\"@context\":\"https:\/\/schema.org\",\"@graph\":[{\"@type\":\"WebPage\",\"@id\":\"https:\/\/noveltystructures.com\/de\/guss-und-schmiedeteile\/\",\"url\":\"https:\/\/noveltystructures.com\/de\/guss-und-schmiedeteile\/\",\"name\":\"Guss- und Schmiedeteile - Novelty Steel\",\"isPartOf\":{\"@id\":\"https:\/\/noveltystructures.com\/de\/#website\"},\"primaryImageOfPage\":{\"@id\":\"https:\/\/noveltystructures.com\/de\/guss-und-schmiedeteile\/#primaryimage\"},\"image\":{\"@id\":\"https:\/\/noveltystructures.com\/de\/guss-und-schmiedeteile\/#primaryimage\"},\"thumbnailUrl\":\"https:\/\/noveltystructures.com\/wp-content\/uploads\/2024\/01\/6361437281392040622889718-1-1.jpg\",\"datePublished\":\"2024-01-27T19:03:02+00:00\",\"dateModified\":\"2025-06-30T15:41:31+00:00\",\"description\":\"Novelty Structures liefert ma\u00dfgeschneiderte Guss- und Schmiedeteile f\u00fcr verschiedene Branchen und Anwendungen \u00fcber seine Fertigungsst\u00e4tten in der T\u00fcrkei\",\"breadcrumb\":{\"@id\":\"https:\/\/noveltystructures.com\/de\/guss-und-schmiedeteile\/#breadcrumb\"},\"inLanguage\":\"de\",\"potentialAction\":[{\"@type\":\"ReadAction\",\"target\":[\"https:\/\/noveltystructures.com\/de\/guss-und-schmiedeteile\/\"]}]},{\"@type\":\"ImageObject\",\"inLanguage\":\"de\",\"@id\":\"https:\/\/noveltystructures.com\/de\/guss-und-schmiedeteile\/#primaryimage\",\"url\":\"https:\/\/noveltystructures.com\/wp-content\/uploads\/2024\/01\/6361437281392040622889718-1-1.jpg\",\"contentUrl\":\"https:\/\/noveltystructures.com\/wp-content\/uploads\/2024\/01\/6361437281392040622889718-1-1.jpg\",\"width\":600,\"height\":490},{\"@type\":\"BreadcrumbList\",\"@id\":\"https:\/\/noveltystructures.com\/de\/guss-und-schmiedeteile\/#breadcrumb\",\"itemListElement\":[{\"@type\":\"ListItem\",\"position\":1,\"name\":\"Anasayfa\",\"item\":\"https:\/\/noveltystructures.com\/de\/stahlverarbeitung\/\"},{\"@type\":\"ListItem\",\"position\":2,\"name\":\"Guss- und Schmiedeteile\"}]},{\"@type\":\"WebSite\",\"@id\":\"https:\/\/noveltystructures.com\/de\/#website\",\"url\":\"https:\/\/noveltystructures.com\/de\/\",\"name\":\"Novelty Structures\",\"description\":\"Novelty Structures\",\"potentialAction\":[{\"@type\":\"SearchAction\",\"target\":{\"@type\":\"EntryPoint\",\"urlTemplate\":\"https:\/\/noveltystructures.com\/de\/?s={search_term_string}\"},\"query-input\":{\"@type\":\"PropertyValueSpecification\",\"valueRequired\":true,\"valueName\":\"search_term_string\"}}],\"inLanguage\":\"de\"}]}<\/script>\n<!-- \/ Yoast SEO plugin. -->","yoast_head_json":{"title":"Guss- und Schmiedeteile - Novelty Steel","description":"Novelty Structures liefert ma\u00dfgeschneiderte Guss- und Schmiedeteile f\u00fcr verschiedene Branchen und Anwendungen \u00fcber seine Fertigungsst\u00e4tten in der T\u00fcrkei","robots":{"index":"index","follow":"follow","max-snippet":"max-snippet:-1","max-image-preview":"max-image-preview:large","max-video-preview":"max-video-preview:-1"},"canonical":"https:\/\/noveltystructures.com\/de\/guss-und-schmiedeteile\/","og_locale":"de_DE","og_type":"article","og_title":"Guss- und Schmiedeteile - Novelty Steel","og_description":"Novelty Structures liefert ma\u00dfgeschneiderte Guss- und Schmiedeteile f\u00fcr verschiedene Branchen und Anwendungen \u00fcber seine Fertigungsst\u00e4tten in der T\u00fcrkei","og_url":"https:\/\/noveltystructures.com\/de\/guss-und-schmiedeteile\/","og_site_name":"Novelty Steel","article_modified_time":"2025-06-30T15:41:31+00:00","og_image":[{"width":600,"height":490,"url":"https:\/\/noveltystructures.com\/wp-content\/uploads\/2024\/01\/6361437281392040622889718-1-1.jpg","type":"image\/jpeg"}],"twitter_card":"summary_large_image","twitter_misc":{"Gesch\u00e4tzte Lesezeit":"5\u00a0Minuten"},"schema":{"@context":"https:\/\/schema.org","@graph":[{"@type":"WebPage","@id":"https:\/\/noveltystructures.com\/de\/guss-und-schmiedeteile\/","url":"https:\/\/noveltystructures.com\/de\/guss-und-schmiedeteile\/","name":"Guss- und Schmiedeteile - Novelty Steel","isPartOf":{"@id":"https:\/\/noveltystructures.com\/de\/#website"},"primaryImageOfPage":{"@id":"https:\/\/noveltystructures.com\/de\/guss-und-schmiedeteile\/#primaryimage"},"image":{"@id":"https:\/\/noveltystructures.com\/de\/guss-und-schmiedeteile\/#primaryimage"},"thumbnailUrl":"https:\/\/noveltystructures.com\/wp-content\/uploads\/2024\/01\/6361437281392040622889718-1-1.jpg","datePublished":"2024-01-27T19:03:02+00:00","dateModified":"2025-06-30T15:41:31+00:00","description":"Novelty Structures liefert ma\u00dfgeschneiderte Guss- und Schmiedeteile f\u00fcr verschiedene Branchen und Anwendungen \u00fcber seine Fertigungsst\u00e4tten in der T\u00fcrkei","breadcrumb":{"@id":"https:\/\/noveltystructures.com\/de\/guss-und-schmiedeteile\/#breadcrumb"},"inLanguage":"de","potentialAction":[{"@type":"ReadAction","target":["https:\/\/noveltystructures.com\/de\/guss-und-schmiedeteile\/"]}]},{"@type":"ImageObject","inLanguage":"de","@id":"https:\/\/noveltystructures.com\/de\/guss-und-schmiedeteile\/#primaryimage","url":"https:\/\/noveltystructures.com\/wp-content\/uploads\/2024\/01\/6361437281392040622889718-1-1.jpg","contentUrl":"https:\/\/noveltystructures.com\/wp-content\/uploads\/2024\/01\/6361437281392040622889718-1-1.jpg","width":600,"height":490},{"@type":"BreadcrumbList","@id":"https:\/\/noveltystructures.com\/de\/guss-und-schmiedeteile\/#breadcrumb","itemListElement":[{"@type":"ListItem","position":1,"name":"Anasayfa","item":"https:\/\/noveltystructures.com\/de\/stahlverarbeitung\/"},{"@type":"ListItem","position":2,"name":"Guss- und Schmiedeteile"}]},{"@type":"WebSite","@id":"https:\/\/noveltystructures.com\/de\/#website","url":"https:\/\/noveltystructures.com\/de\/","name":"Novelty Structures","description":"Novelty Structures","potentialAction":[{"@type":"SearchAction","target":{"@type":"EntryPoint","urlTemplate":"https:\/\/noveltystructures.com\/de\/?s={search_term_string}"},"query-input":{"@type":"PropertyValueSpecification","valueRequired":true,"valueName":"search_term_string"}}],"inLanguage":"de"}]}},"_links":{"self":[{"href":"https:\/\/noveltystructures.com\/de\/wp-json\/wp\/v2\/pages\/10115","targetHints":{"allow":["GET"]}}],"collection":[{"href":"https:\/\/noveltystructures.com\/de\/wp-json\/wp\/v2\/pages"}],"about":[{"href":"https:\/\/noveltystructures.com\/de\/wp-json\/wp\/v2\/types\/page"}],"author":[{"embeddable":true,"href":"https:\/\/noveltystructures.com\/de\/wp-json\/wp\/v2\/users\/1"}],"replies":[{"embeddable":true,"href":"https:\/\/noveltystructures.com\/de\/wp-json\/wp\/v2\/comments?post=10115"}],"version-history":[{"count":0,"href":"https:\/\/noveltystructures.com\/de\/wp-json\/wp\/v2\/pages\/10115\/revisions"}],"wp:featuredmedia":[{"embeddable":true,"href":"https:\/\/noveltystructures.com\/de\/wp-json\/wp\/v2\/media\/9209"}],"wp:attachment":[{"href":"https:\/\/noveltystructures.com\/de\/wp-json\/wp\/v2\/media?parent=10115"}],"curies":[{"name":"wp","href":"https:\/\/api.w.org\/{rel}","templated":true}]}}